{"id":3889,"date":"2023-03-23T12:17:12","date_gmt":"2023-03-23T12:17:12","guid":{"rendered":"https:\/\/cennetyatak.com.tr\/?post_type=product&#038;p=3889"},"modified":"2023-05-09T07:15:59","modified_gmt":"2023-05-09T07:15:59","slug":"jumbo-yatak","status":"publish","type":"product","link":"https:\/\/cennetyatak.com.tr\/?product=jumbo-yatak","title":{"rendered":"Jumbo Yatak"},"content":{"rendered":"\t<section class=\"section\" id=\"section_1763869233\">\n\t\t<div class=\"bg section-bg fill bg-fill bg-loaded bg-loaded\" >\n\n\t\t\t\n\t\t\t\n\t\t\t\n\n\t\t<\/div>\n\n\t\t\n\n\t\t<div class=\"section-content relative\">\n\t\t\t\n<div class=\"row\" style=\"max-width:1400px\" id=\"row-1954360970\">\n\n\t<div id=\"col-1125748365\" class=\"col small-12 large-12\"  >\n\t\t\t\t<div class=\"col-inner\"  >\n\t\t\t\n\t\t\t\n\t<div class=\"img has-hover x md-x lg-x y md-y lg-y\" id=\"image_198377086\">\n\t\t\t\t\t\t<div data-animate=\"fadeInUp\">\t\t<div class=\"img-inner dark\" >\n\t\t\t<img fetchpriority=\"high\" decoding=\"async\" width=\"900\" height=\"150\" src=\"https:\/\/cennetyatak.com.tr\/wp-content\/uploads\/2023\/04\/Jumbo-1.png\" class=\"attachment-original size-original\" alt=\"\" srcset=\"https:\/\/cennetyatak.com.tr\/wp-content\/uploads\/2023\/04\/Jumbo-1.png 900w, https:\/\/cennetyatak.com.tr\/wp-content\/uploads\/2023\/04\/Jumbo-1-800x133.png 800w, https:\/\/cennetyatak.com.tr\/wp-content\/uploads\/2023\/04\/Jumbo-1-768x128.png 768w\" sizes=\"(max-width: 900px) 100vw, 900px\" \/>\t\t\t\t\t\t\n\t\t\t\t\t<\/div>\n\t\t<\/div>\t\t\t\t\t\t\n<style>\n#image_198377086 {\n  width: 100%;\n}\n<\/style>\n\t<\/div>\n\t\n\t\t<\/div>\n\t\t\t\t\t<\/div>\n\n\t\n<\/div>\n\t\t<\/div>\n\n\t\t\n<style>\n#section_1763869233 {\n  padding-top: 30px;\n  padding-bottom: 30px;\n  background-color: rgb(250, 250, 250);\n}\n#section_1763869233 .ux-shape-divider--top svg {\n  height: 150px;\n  --divider-top-width: 100%;\n}\n#section_1763869233 .ux-shape-divider--bottom svg {\n  height: 150px;\n  --divider-width: 100%;\n}\n<\/style>\n\t<\/section>\n\t\n\t<section class=\"section\" id=\"section_923339639\">\n\t\t<div class=\"bg section-bg fill bg-fill bg-loaded bg-loaded\" >\n\n\t\t\t\n\t\t\t\n\t\t\t\n\n\t\t<\/div>\n\n\t\t\n\n\t\t<div class=\"section-content relative\">\n\t\t\t\n<div class=\"row row-large align-middle align-center\" style=\"max-width:1400px\" id=\"row-1826793522\">\n\n\t<div id=\"col-924590617\" class=\"col medium-9 small-12 large-6\"  data-animate=\"fadeInUp\">\n\t\t\t\t<div class=\"col-inner\"  >\n\t\t\t\n\t\t\t\n\n  <div class=\"banner has-hover\" id=\"banner-163027582\">\n          <div class=\"banner-inner fill\">\n        <div class=\"banner-bg fill\" >\n            <div class=\"bg fill bg-fill bg-loaded\"><\/div>\n                                    \n                    <\/div>\n\t\t\n        <div class=\"banner-layers container\">\n            <div class=\"fill banner-link\"><\/div>            \n   <div id=\"text-box-41744945\" class=\"text-box banner-layer x50 md-x50 lg-x50 y50 md-y50 lg-y50 res-text\">\n                                <div class=\"text-box-content text dark\">\n              \n              <div class=\"text-inner text-center\">\n                  \n              <\/div>\n           <\/div>\n                            \n<style>\n#text-box-41744945 {\n  width: 60%;\n}\n#text-box-41744945 .text-box-content {\n  font-size: 100%;\n}\n@media (min-width:550px) {\n  #text-box-41744945 {\n    width: 60%;\n  }\n}\n<\/style>\n    <\/div>\n \n        <\/div>\n      <\/div>\n\n            \n<style>\n#banner-163027582 {\n  padding-top: 300px;\n}\n#banner-163027582 .bg.bg-loaded {\n  background-image: url(https:\/\/cennetyatak.com.tr\/wp-content\/uploads\/2023\/04\/yatak-turleri-04-offset-yay-sistemleri-spring-coil.jpg);\n}\n#banner-163027582 .bg {\n  background-position: 55% 0%;\n}\n#banner-163027582 .ux-shape-divider--top svg {\n  height: 150px;\n  --divider-top-width: 100%;\n}\n#banner-163027582 .ux-shape-divider--bottom svg {\n  height: 150px;\n  --divider-width: 100%;\n}\n@media (min-width:850px) {\n  #banner-163027582 {\n    padding-top: 70%;\n  }\n}\n<\/style>\n  <\/div>\n\n\n\t\t<\/div>\n\t\t\t\t\t<\/div>\n\n\t\n\n\t<div id=\"col-1528691675\" class=\"col medium-9 small-12 large-6\"  data-animate=\"fadeInUp\">\n\t\t\t\t<div class=\"col-inner text-left\"  >\n\t\t\t\n\t\t\t\n<h6><\/h6>\n<h3><span class=\"S1PPyQ\" style=\"font-size: 150%;\">Has\u0131r Yay Sistemi<\/span><\/h3>\n<p class=\"_04xlpA direction-ltr align-start para-style-body\"><span class=\"S1PPyQ\">V\u00fccudun deste\u011fini e\u015fit \u015fekilde sa\u011flayarak deste\u011fi t\u00fcm v\u00fccuda da\u011f\u0131tma yap\u0131s\u0131na sahiptir. Yaylar\u0131n \u00fczerinde bulunan a\u011f\u0131rl\u0131k \u00fcst\u00fcnde bulunan ki\u015filerin a\u011f\u0131rl\u0131\u011f\u0131n\u0131 dengeleyerek ergonomik bir denge sa\u011flar. Sa\u011flam bir yap\u0131s\u0131 bulunan has\u0131r yaylar zamana yay\u0131ld\u0131\u011f\u0131nda di\u011fer yaylara oranla daha uzun \u00f6m\u00fcrl\u00fc kullan\u0131m sa\u011flar.<\/span><\/p>\n\t\t<\/div>\n\t\t\t\t\n<style>\n#col-1528691675 > .col-inner {\n  padding: 0px 0px 0px 0px;\n}\n@media (min-width:850px) {\n  #col-1528691675 > .col-inner {\n    padding: 0px 50px 0px 50px;\n  }\n}\n<\/style>\n\t<\/div>\n\n\t\n<\/div>\n<div class=\"row row-large align-middle align-center\" style=\"max-width:1400px\" id=\"row-1352617568\">\n\n\t<div id=\"col-1175956408\" class=\"col medium-9 small-12 large-6\"  data-animate=\"fadeInUp\">\n\t\t\t\t<div class=\"col-inner text-left\"  >\n\t\t\t\n\t\t\t\n<h6><\/h6>\n<h3><span style=\"font-size: 150%;\">Maksimum Bas\u0131n\u00e7 Da\u011f\u0131l\u0131m\u0131<\/span><\/h3>\n<p><span class=\"S1PPyQ\">Yatakta ekstra rahatl\u0131k i\u00e7in yumu\u015fak dokusu ile \u00e7ok daha konforlu ve sa\u011fl\u0131kl\u0131 bir uyku ortam\u0131 sunarak, \u00e7ok daha keyifli bir uyku deneyimi ya\u015faman\u0131z\u0131 sa\u011flar. V\u00fccudun yatay konumdayken ihtiya\u00e7 duydu\u011fu deste\u011fin sa\u011flanmas\u0131n\u0131 kolayla\u015ft\u0131r\u0131r.<\/span><\/p>\n\t\t<\/div>\n\t\t\t\t\n<style>\n#col-1175956408 > .col-inner {\n  padding: 0px 0px 0px 0px;\n}\n@media (min-width:850px) {\n  #col-1175956408 > .col-inner {\n    padding: 0px 50px 0px 50px;\n  }\n}\n<\/style>\n\t<\/div>\n\n\t\n\n\t<div id=\"col-1563867728\" class=\"col medium-9 small-12 large-6 medium-col-first\"  data-animate=\"fadeInUp\">\n\t\t\t\t<div class=\"col-inner\"  >\n\t\t\t\n\t\t\t\n\n  <div class=\"banner has-hover\" id=\"banner-279775020\">\n          <div class=\"banner-inner fill\">\n        <div class=\"banner-bg fill\" >\n            <div class=\"bg fill bg-fill bg-loaded\"><\/div>\n                                    \n                    <\/div>\n\t\t\n        <div class=\"banner-layers container\">\n            <div class=\"fill banner-link\"><\/div>            \n   <div id=\"text-box-417196618\" class=\"text-box banner-layer x50 md-x50 lg-x50 y50 md-y50 lg-y50 res-text\">\n                                <div class=\"text-box-content text dark\">\n              \n              <div class=\"text-inner text-center\">\n                  \n              <\/div>\n           <\/div>\n                            \n<style>\n#text-box-417196618 {\n  width: 60%;\n}\n#text-box-417196618 .text-box-content {\n  font-size: 100%;\n}\n@media (min-width:550px) {\n  #text-box-417196618 {\n    width: 60%;\n  }\n}\n<\/style>\n    <\/div>\n \n        <\/div>\n      <\/div>\n\n            \n<style>\n#banner-279775020 {\n  padding-top: 300px;\n}\n#banner-279775020 .bg.bg-loaded {\n  background-image: url(https:\/\/cennetyatak.com.tr\/wp-content\/uploads\/2023\/03\/omurga_cerrahisi_min.jpeg);\n}\n#banner-279775020 .bg {\n  background-position: 48% 68%;\n}\n#banner-279775020 .ux-shape-divider--top svg {\n  height: 150px;\n  --divider-top-width: 100%;\n}\n#banner-279775020 .ux-shape-divider--bottom svg {\n  height: 150px;\n  --divider-width: 100%;\n}\n@media (min-width:850px) {\n  #banner-279775020 {\n    padding-top: 70%;\n  }\n}\n<\/style>\n  <\/div>\n\n\n\t\t<\/div>\n\t\t\t\t\t<\/div>\n\n\t\n<\/div>\n<div class=\"row row-large align-middle align-center\" style=\"max-width:1400px\" id=\"row-1498049526\">\n\n\t<div id=\"col-329209450\" class=\"col medium-9 small-12 large-6\"  data-animate=\"fadeInUp\">\n\t\t\t\t<div class=\"col-inner\"  >\n\t\t\t\n\t\t\t\n\n  <div class=\"banner has-hover\" id=\"banner-1724483919\">\n          <div class=\"banner-inner fill\">\n        <div class=\"banner-bg fill\" >\n            <div class=\"bg fill bg-fill bg-loaded\"><\/div>\n                                    \n                    <\/div>\n\t\t\n        <div class=\"banner-layers container\">\n            <div class=\"fill banner-link\"><\/div>            \n   <div id=\"text-box-9269988\" class=\"text-box banner-layer x50 md-x50 lg-x50 y50 md-y50 lg-y50 res-text\">\n                                <div class=\"text-box-content text dark\">\n              \n              <div class=\"text-inner text-center\">\n                  \n              <\/div>\n           <\/div>\n                            \n<style>\n#text-box-9269988 {\n  width: 60%;\n}\n#text-box-9269988 .text-box-content {\n  font-size: 100%;\n}\n@media (min-width:550px) {\n  #text-box-9269988 {\n    width: 60%;\n  }\n}\n<\/style>\n    <\/div>\n \n        <\/div>\n      <\/div>\n\n            \n<style>\n#banner-1724483919 {\n  padding-top: 300px;\n}\n#banner-1724483919 .bg.bg-loaded {\n  background-image: url(https:\/\/cennetyatak.com.tr\/wp-content\/uploads\/2023\/04\/Adsiz-tasarim-1.jpg);\n}\n#banner-1724483919 .bg {\n  background-position: 62% 52%;\n}\n#banner-1724483919 .ux-shape-divider--top svg {\n  height: 150px;\n  --divider-top-width: 100%;\n}\n#banner-1724483919 .ux-shape-divider--bottom svg {\n  height: 150px;\n  --divider-width: 100%;\n}\n@media (min-width:850px) {\n  #banner-1724483919 {\n    padding-top: 70%;\n  }\n}\n<\/style>\n  <\/div>\n\n\n\t\t<\/div>\n\t\t\t\t\t<\/div>\n\n\t\n\n\t<div id=\"col-1781448883\" class=\"col medium-9 small-12 large-6\"  data-animate=\"fadeInUp\">\n\t\t\t\t<div class=\"col-inner text-left\"  >\n\t\t\t\n\t\t\t\n<h6><\/h6>\n<h3><span class=\"S1PPyQ\" style=\"font-size: 150%;\">Tek Tarafl\u0131 Kullan\u0131m<\/span><\/h3>\n<p><span class=\"S1PPyQ\">Tek tarafl\u0131 kullan\u0131m \u00f6zelli\u011fine sahip yataklarda, konfor yata\u011f\u0131n tek bir y\u00fczeyinde yo\u011funla\u015ft\u0131r\u0131lm\u0131\u015ft\u0131r. Yata\u011f\u0131n\u0131z\u0131 ters y\u00fcz yapman\u0131za gerek olmadan uzun y\u0131llar kullanman\u0131za imkan sa\u011flar.<\/span><\/p>\n\t\t<\/div>\n\t\t\t\t\n<style>\n#col-1781448883 > .col-inner {\n  padding: 0px 0px 0px 0px;\n}\n@media (min-width:850px) {\n  #col-1781448883 > .col-inner {\n    padding: 0px 50px 0px 50px;\n  }\n}\n<\/style>\n\t<\/div>\n\n\t\n<\/div>\n\t\t<\/div>\n\n\t\t\n<style>\n#section_923339639 {\n  padding-top: 100px;\n  padding-bottom: 100px;\n}\n#section_923339639 .ux-shape-divider--top svg {\n  height: 150px;\n  --divider-top-width: 100%;\n}\n#section_923339639 .ux-shape-divider--bottom svg {\n  height: 150px;\n  --divider-width: 100%;\n}\n<\/style>\n\t<\/section>\n\t\n","protected":false},"excerpt":{"rendered":"<p><img decoding=\"async\" class=\"alignnone size-full wp-image-3890\" src=\"https:\/\/cennetyatak.com.tr\/wp-content\/uploads\/2023\/03\/jumbo.png\" alt=\"\" width=\"400\" height=\"100\" \/><\/p>\n","protected":false},"featured_media":3885,"comment_status":"open","ping_status":"closed","template":"","meta":{"_joinchat":[]},"product_brand":[],"product_cat":[167],"product_tag":[],"class_list":{"0":"post-3889","1":"product","2":"type-product","3":"status-publish","4":"has-post-thumbnail","6":"product_cat-yataklar","8":"first","9":"instock","10":"shipping-taxable","11":"purchasable","12":"product-type-simple"},"lang":"tr","translations":{"tr":3889,"en":4509},"pll_sync_post":[],"_links":{"self":[{"href":"https:\/\/cennetyatak.com.tr\/index.php?rest_route=\/wp\/v2\/product\/3889","targetHints":{"allow":["GET"]}}],"collection":[{"href":"https:\/\/cennetyatak.com.tr\/index.php?rest_route=\/wp\/v2\/product"}],"about":[{"href":"https:\/\/cennetyatak.com.tr\/index.php?rest_route=\/wp\/v2\/types\/product"}],"replies":[{"embeddable":true,"href":"https:\/\/cennetyatak.com.tr\/index.php?rest_route=%2Fwp%2Fv2%2Fcomments&post=3889"}],"wp:featuredmedia":[{"embeddable":true,"href":"https:\/\/cennetyatak.com.tr\/index.php?rest_route=\/wp\/v2\/media\/3885"}],"wp:attachment":[{"href":"https:\/\/cennetyatak.com.tr\/index.php?rest_route=%2Fwp%2Fv2%2Fmedia&parent=3889"}],"wp:term":[{"taxonomy":"product_brand","embeddable":true,"href":"https:\/\/cennetyatak.com.tr\/index.php?rest_route=%2Fwp%2Fv2%2Fproduct_brand&post=3889"},{"taxonomy":"product_cat","embeddable":true,"href":"https:\/\/cennetyatak.com.tr\/index.php?rest_route=%2Fwp%2Fv2%2Fproduct_cat&post=3889"},{"taxonomy":"product_tag","embeddable":true,"href":"https:\/\/cennetyatak.com.tr\/index.php?rest_route=%2Fwp%2Fv2%2Fproduct_tag&post=3889"}],"curies":[{"name":"wp","href":"https:\/\/api.w.org\/{rel}","templated":true}]}}